{"id":78927,"date":"2022-04-15T13:40:52","date_gmt":"2022-04-15T12:40:52","guid":{"rendered":"https:\/\/frigomec.it\/usluge\/"},"modified":"2025-07-21T13:42:12","modified_gmt":"2025-07-21T12:42:12","slug":"usluge","status":"publish","type":"page","link":"https:\/\/frigomec.it\/hr\/usluge\/","title":{"rendered":"Usluge"},"content":{"rendered":"\t\t<div data-elementor-type=\"wp-page\" data-elementor-id=\"78927\" class=\"elementor elementor-78927 elementor-76862\" data-elementor-post-type=\"page\">\n\t\t\t\t\t\t<section class=\"elementor-section elementor-top-section elementor-element elementor-element-19bfde5b elementor-section-content-middle elementor-section-full_width elementor-section-height-default elementor-section-height-default\" data-id=\"19bfde5b\" data-element_type=\"section\" data-e-type=\"section\" data-settings=\"{&quot;background_background&quot;:&quot;classic&quot;}\">\n\t\t\t\t\t\t<div class=\"elementor-container elementor-column-gap-default\">\n\t\t\t\t\t<div class=\" elementor-column elementor-col-100 elementor-top-column elementor-element elementor-element-5baccd28 elementor-invisible\" data-fullscreen-column-settings=\"{&quot;fullscreen&quot;:&quot;&quot;}\" data-id=\"5baccd28\" data-element_type=\"column\" data-e-type=\"column\" data-settings=\"{&quot;background_background&quot;:&quot;classic&quot;,&quot;animation&quot;:&quot;fadeIn&quot;,&quot;animation_delay&quot;:100}\">\n\t\t\t<div class=\"elementor-widget-wrap elementor-element-populated\">\n\t\t\t\t\t\t<div class=\"elementor-element elementor-element-7cd14df elementor-widget elementor-widget-litho-page-title\" data-id=\"7cd14df\" data-element_type=\"widget\" data-e-type=\"widget\" data-settings=\"{&quot;litho_page_title_style&quot;:&quot;separate-breadcrumbs&quot;}\" data-widget_type=\"litho-page-title.default\">\n\t\t\t\t<div class=\"elementor-widget-container\">\n\t\t\t\t\t\t\t\t\t\t<div class=\"litho-main-title-wrap main-title-inner litho-page-title-wrap  separate-breadcrumbs cover-background\" style=\"background-image: url(https:\/\/frigomec.it\/wp-content\/uploads\/2022\/04\/riparazione.jpg);\">\n\t\t\t\t\t\t<div class=\"background-overlay litho-overlay\"><\/div>\t\t\t\t\t\t<div class=\"title-container\">\n\t\t\t\t\t\t\t<div class=\"title-content-wrap row align-items-center justify-content-center\">\n\t\t\t\t\t\t\t\t<div class=\"col-12 col-xl-6 col-lg-7 col-md-10 text-center\">\n\t\t\t\t\t\t\t\t\t\t\t\t\t\t\t\t\t\t\t<!-- start sub title -->\n\t\t\t\t\t\t\t\t\t\t<span class=\"litho-main-subtitle litho-page-subtitle\">Svo na\u0161e iskustvo na va\u0161oj strani<\/span>\n\t\t\t\t\t\t\t\t\t\t<!-- end sub title -->\n\t\t\t\t\t\t\t\t\t\t\t\t\t\t\t\t\t\t\t\t\t\t\t\t\t\t\t\t<!-- start page title -->\n\t\t\t\t\t\t\t\t\t\t<h1  class=\"litho-main-title litho-page-title\">Usluge<\/h1>\n\t\t\t\t\t\t\t\t\t\t<!-- end page title -->\n\t\t\t\t\t\t\t\t\t\t\t\t\t\t\t\t\t\t\t\t\t\t\t\t\t\t\t\t\t\t\t\t\t\t\t<\/div>\n\t\t\t\t\t\t\t<\/div>\n\t\t\t\t\t\t<\/div>\n\t\t\t\t\t<\/div>\n\t\t\t\t\t\t\t\t\t<\/div>\n\t\t\t\t<\/div>\n\t\t\t\t\t<\/div>\n\t\t<\/div>\n\t\t\t\t\t<\/div>\n\t\t<\/section>\n\t\t\t\t<section class=\"elementor-section elementor-top-section elementor-element elementor-element-9b5f09a elementor-section-content-middle elementor-section-boxed elementor-section-height-default elementor-section-height-default\" data-id=\"9b5f09a\" data-element_type=\"section\" data-e-type=\"section\" data-settings=\"{&quot;background_background&quot;:&quot;classic&quot;}\">\n\t\t\t\t\t\t<div class=\"elementor-container elementor-column-gap-default\">\n\t\t\t\t\t<div class=\" elementor-column elementor-col-100 elementor-top-column elementor-element elementor-element-28c37bc elementor-invisible\" data-fullscreen-column-settings=\"{&quot;fullscreen&quot;:&quot;&quot;}\" data-id=\"28c37bc\" data-element_type=\"column\" data-e-type=\"column\" data-settings=\"{&quot;background_background&quot;:&quot;classic&quot;,&quot;animation&quot;:&quot;fadeIn&quot;,&quot;animation_delay&quot;:100}\">\n\t\t\t<div class=\"elementor-widget-wrap elementor-element-populated\">\n\t\t\t\t\t\t<div class=\"elementor-element elementor-element-472a17c elementor-widget elementor-widget-litho-heading\" data-id=\"472a17c\" data-element_type=\"widget\" data-e-type=\"widget\" data-widget_type=\"litho-heading.default\">\n\t\t\t\t<div class=\"elementor-widget-container\">\n\t\t\t\t\t<h2 class=\"litho-heading elementor-size-default\"><span class=\"litho-primary-title\">Potpuna podr\u0161ka<\/span><span class=\"litho-secondary-title\">od proizvodnje do organizacije<\/span><\/h2>\t\t\t\t<\/div>\n\t\t\t\t<\/div>\n\t\t\t\t<div class=\"elementor-element elementor-element-0f03cf8 elementor-widget elementor-widget-text-editor\" data-id=\"0f03cf8\" data-element_type=\"widget\" data-e-type=\"widget\" data-widget_type=\"text-editor.default\">\n\t\t\t\t<div class=\"elementor-widget-container\">\n\t\t\t\t\t\t\t\t\t<p>Zahvaljuju\u0107i preko 40 godina rada, Frigomec je svjestan brojnih potreba velikih i malih tvrtki sa kojima sura\u0111uje. I zato je u mogu\u0107nosti zadovoljiti njihove svakodnevne potrebe nude\u0107i \u0161irok raspon pravovremenih usluga na najvi\u0161im razinama. Konkretno, na\u0161e brojno tehni\u010dko osoblje, veliki broj vozila i veliko skladi\u0161te omogu\u0107uju nam pru\u017eanje 360\u00b0 pomo\u0107i u proizvodnji i \u010duvanju proizvoda, posebno za slasti\u010darne i restorane.<\/p>\t\t\t\t\t\t\t\t<\/div>\n\t\t\t\t<\/div>\n\t\t\t\t<div class=\"elementor-element elementor-element-4f5bd00 elementor-widget elementor-widget-text-editor\" data-id=\"4f5bd00\" data-element_type=\"widget\" data-e-type=\"widget\" data-widget_type=\"text-editor.default\">\n\t\t\t\t<div class=\"elementor-widget-container\">\n\t\t\t\t\t\t\t\t\t<ul><li>OPSKRBA I POMO\u0106 7 DANA U TJEDNU, \u010cAK I ZA VRIJEME PRAZNIKA (od svibnja do rujna)<\/li><li>OPSKRBA I POMO\u0106 6 DANA OD 7 (od listopada do travnja)<\/li><li>MOBILNA RADIONICA UZ TEHNI\u010cKU POMO\u0106 NA MJESTU<\/li><li>DOSTUPNOST DODATNE OPREME I REZERVNIH DIJELOVA NA SKLADI\u0160TU<\/li><li>TRENUTNA ZAMJENA STROJA UKOLIKO JE POTREBNA<\/li><li>MOGU\u0106NOST SKLADI\u0160TENJA STROJEVA ZA VRIJEME NE KORI\u0160TENJA ISTIH<\/li><li>REVIZIJA I PRANJE STROJEVA I OPREME PRED SEZONU<\/li><li>PRIKUP RABLJENE OPREME<\/li><\/ul>\t\t\t\t\t\t\t\t<\/div>\n\t\t\t\t<\/div>\n\t\t\t\t<div class=\"elementor-element elementor-element-42c0920 elementor-widget elementor-widget-image\" data-id=\"42c0920\" data-element_type=\"widget\" data-e-type=\"widget\" data-widget_type=\"image.default\">\n\t\t\t\t<div class=\"elementor-widget-container\">\n\t\t\t\t\t\t\t\t\t\t\t\t\t\t\t<img fetchpriority=\"high\" decoding=\"async\" width=\"1024\" height=\"576\" src=\"https:\/\/frigomec.it\/wp-content\/uploads\/2022\/11\/9-1024x576.jpg\" class=\"attachment-large size-large wp-image-78767\" alt=\"servizi per ristorazione e alberghi\" srcset=\"\/\/frigomec.it\/wp-content\/uploads\/2022\/11\/9-1024x576.jpg 1024w, \/\/frigomec.it\/wp-content\/uploads\/2022\/11\/9-300x169.jpg 300w, \/\/frigomec.it\/wp-content\/uploads\/2022\/11\/9-768x432.jpg 768w, \/\/frigomec.it\/wp-content\/uploads\/2022\/11\/9-1536x864.jpg 1536w, \/\/frigomec.it\/wp-content\/uploads\/2022\/11\/9-2048x1152.jpg 2048w, \/\/frigomec.it\/wp-content\/uploads\/2022\/11\/9-200x113.jpg 200w, \/\/frigomec.it\/wp-content\/uploads\/2022\/11\/9-1568x882.jpg 1568w\" sizes=\"(max-width: 1024px) 100vw, 1024px\" \/>\t\t\t\t\t\t\t\t\t\t\t\t\t\t\t<\/div>\n\t\t\t\t<\/div>\n\t\t\t\t<div class=\"elementor-element elementor-element-6b2522c elementor-widget elementor-widget-litho-heading\" data-id=\"6b2522c\" data-element_type=\"widget\" data-e-type=\"widget\" data-widget_type=\"litho-heading.default\">\n\t\t\t\t<div class=\"elementor-widget-container\">\n\t\t\t\t\t<h2 class=\"litho-heading elementor-size-default\"><span class=\"litho-secondary-title\">Frigomec tako\u0111er pru\u017ea profesionalne usluge za osoblje:<\/span><\/h2>\t\t\t\t<\/div>\n\t\t\t\t<\/div>\n\t\t\t\t<div class=\"elementor-element elementor-element-cc5783c elementor-widget elementor-widget-text-editor\" data-id=\"cc5783c\" data-element_type=\"widget\" data-e-type=\"widget\" data-widget_type=\"text-editor.default\">\n\t\t\t\t<div class=\"elementor-widget-container\">\n\t\t\t\t\t\t\t\t\t<ul>\n<li> OBUKA I POMO\u0106 NAKON PRODAJE <\/li>\n<li> TE\u010cAJEVI STRU\u010cNOG OSPOSOBLJAVANJA  ZA PROCJENU NOVIH STROJEVA <\/li>\n<li> PROJEKTIRANJE INTERIJERA I DOBAVA OPREME ZA RESTORANE, BAROVE I SLADOLEDARNICE. <\/li>\n<\/ul>\n\t\t\t\t\t\t\t\t<\/div>\n\t\t\t\t<\/div>\n\t\t\t\t\t<\/div>\n\t\t<\/div>\n\t\t\t\t\t<\/div>\n\t\t<\/section>\n\t\t\t\t<section class=\"elementor-section elementor-top-section elementor-element elementor-element-9dc8b32 elementor-section-boxed elementor-section-height-default elementor-section-height-default\" data-id=\"9dc8b32\" data-element_type=\"section\" data-e-type=\"section\">\n\t\t\t\t\t\t<div class=\"elementor-container elementor-column-gap-default\">\n\t\t\t\t\t<div class=\" elementor-column elementor-col-100 elementor-top-column elementor-element elementor-element-8cdfa6f\" data-fullscreen-column-settings=\"{&quot;fullscreen&quot;:&quot;&quot;}\" data-id=\"8cdfa6f\" data-element_type=\"column\" data-e-type=\"column\">\n\t\t\t<div class=\"elementor-widget-wrap elementor-element-populated\">\n\t\t\t\t\t\t<div class=\"elementor-element elementor-element-374a786 elementor-widget elementor-widget-litho-heading\" data-id=\"374a786\" data-element_type=\"widget\" data-e-type=\"widget\" data-widget_type=\"litho-heading.default\">\n\t\t\t\t<div class=\"elementor-widget-container\">\n\t\t\t\t\t<h2 class=\"litho-heading elementor-size-default\"><span class=\"litho-primary-title\">Treba\u0161 pomo\u0107<\/span><span class=\"litho-secondary-title\">Kontaktirajte nas i zatra\u017eite na\u0161u stru\u010dnu pomo\u0107.<\/span><\/h2>\t\t\t\t<\/div>\n\t\t\t\t<\/div>\n\t\t\t\t<div class=\"elementor-element elementor-element-e7253c8 elementor-widget elementor-widget-litho-contact-form\" data-id=\"e7253c8\" data-element_type=\"widget\" data-e-type=\"widget\" data-widget_type=\"litho-contact-form.default\">\n\t\t\t\t<div class=\"elementor-widget-container\">\n\t\t\t\t\t\t\t\t<div class=\"contact-form-wrapper\">\n\t\t\t\t\n<div class=\"wpcf7 no-js\" id=\"wpcf7-f78929-o1\" lang=\"hr\" dir=\"ltr\" data-wpcf7-id=\"78929\">\n<div class=\"screen-reader-response\"><p role=\"status\" aria-live=\"polite\" aria-atomic=\"true\"><\/p> <ul><\/ul><\/div>\n<form action=\"\/hr\/wp-json\/wp\/v2\/pages\/78927#wpcf7-f78929-o1\" method=\"post\" class=\"wpcf7-form init\" aria-label=\"Kontakt obrazac\" novalidate=\"novalidate\" data-status=\"init\">\n<fieldset class=\"hidden-fields-container\"><input type=\"hidden\" name=\"_wpcf7\" value=\"78929\" \/><input type=\"hidden\" name=\"_wpcf7_version\" value=\"6.1.5\" \/><input type=\"hidden\" name=\"_wpcf7_locale\" value=\"hr\" \/><input type=\"hidden\" name=\"_wpcf7_unit_tag\" value=\"wpcf7-f78929-o1\" \/><input type=\"hidden\" name=\"_wpcf7_container_post\" value=\"0\" \/><input type=\"hidden\" name=\"_wpcf7_posted_data_hash\" value=\"\" \/><input type=\"hidden\" name=\"_wpcf7_recaptcha_response\" value=\"\" \/>\n<\/fieldset>\n<div class=\"formcf\">\n\t<div class=\"form-row\">\n\t\t<div class=\"column-half\">\n\t\t\t<p><span class=\"wpcf7-form-control-wrap\" data-name=\"your-name\"><input size=\"40\" maxlength=\"400\" class=\"wpcf7-form-control wpcf7-text wpcf7-validates-as-required\" aria-required=\"true\" aria-invalid=\"false\" placeholder=\"Referenca*\" value=\"\" type=\"text\" name=\"your-name\" \/><\/span><span class=\"wpcf7-form-control-wrap\" data-name=\"azienda\"><input size=\"40\" maxlength=\"400\" class=\"wpcf7-form-control wpcf7-text wpcf7-validates-as-required\" aria-required=\"true\" aria-invalid=\"false\" placeholder=\"Naziv tvrtke*\" value=\"\" type=\"text\" name=\"azienda\" \/><\/span><span class=\"wpcf7-form-control-wrap\" data-name=\"indirizzo\"><input size=\"40\" maxlength=\"400\" class=\"wpcf7-form-control wpcf7-text wpcf7-validates-as-required\" aria-required=\"true\" aria-invalid=\"false\" placeholder=\"Puna adresa*\" value=\"\" type=\"text\" name=\"indirizzo\" \/><\/span>\n\t\t\t<\/p>\n\t\t<\/div>\n\t\t<div class=\"column-half\">\n\t\t\t<p><span class=\"wpcf7-form-control-wrap\" data-name=\"your-mobile\"><input size=\"40\" maxlength=\"400\" class=\"wpcf7-form-control wpcf7-text wpcf7-validates-as-required\" aria-required=\"true\" aria-invalid=\"false\" placeholder=\"Telefon*\" value=\"\" type=\"text\" name=\"your-mobile\" \/><\/span><span class=\"wpcf7-form-control-wrap\" data-name=\"your-email-address\"><input size=\"40\" maxlength=\"400\" class=\"wpcf7-form-control wpcf7-email wpcf7-validates-as-required wpcf7-text wpcf7-validates-as-email\" aria-required=\"true\" aria-invalid=\"false\" placeholder=\"E-mail*\" value=\"\" type=\"email\" name=\"your-email-address\" \/><\/span><span class=\"wpcf7-form-control-wrap\" data-name=\"assistenza\"><select class=\"wpcf7-form-control wpcf7-select wpcf7-validates-as-required\" aria-required=\"true\" aria-invalid=\"false\" name=\"assistenza\"><option value=\"Pomo\u0107 za...\">Pomo\u0107 za...<\/option><option value=\"Popravak\">Popravak<\/option><option value=\"Profesionalno \u010di\u0161\u0107enje\">Profesionalno \u010di\u0161\u0107enje<\/option><option value=\"Zamjena komponenti\">Zamjena komponenti<\/option><option value=\"Monta\u017ea\">Monta\u017ea<\/option><option value=\"Instalacije\">Instalacije<\/option><option value=\"Ostalo...\">Ostalo...<\/option><\/select><\/span>\n\t\t\t<\/p>\n\t\t<\/div>\n\t<\/div>\n\t<div class=\"form-row\">\n\t\t<div class=\"column-full\">\n\t\t\t<p><span class=\"wpcf7-form-control-wrap\" data-name=\"your-consent\"><span class=\"wpcf7-form-control wpcf7-acceptance\"><span class=\"wpcf7-list-item\"><input type=\"checkbox\" name=\"your-consent\" value=\"1\" aria-invalid=\"false\" \/><\/span><\/span><\/span> Pro\u010ditao sam i prihva\u0107am uvjete <a href=\"https:\/\/frigomec.it\/hr\/policy-privacy\/\" target=\"_blank\" title=\"Privacy Policy\">Privacy Policy<\/a>\n\t\t\t<\/p>\n\t\t<\/div>\n\t<\/div>\n\t<div class=\"form-row\">\n\t\t<div class=\"column-full\">\n\t\t\t<p><input class=\"wpcf7-form-control wpcf7-submit has-spinner elementor-button\" type=\"submit\" value=\"Po\u0161alji upit\" \/>\n\t\t\t<\/p>\n\t\t<\/div>\n\t<\/div>\n<\/div><div class=\"wpcf7-response-output\" aria-hidden=\"true\"><\/div>\n<\/form>\n<\/div>\n\t\t\t<\/div>\n\t\t\t\t\t\t\t<\/div>\n\t\t\t\t<\/div>\n\t\t\t\t\t<\/div>\n\t\t<\/div>\n\t\t\t\t\t<\/div>\n\t\t<\/section>\n\t\t\t\t<\/div>\n\t\t","protected":false},"excerpt":{"rendered":"<p>Svo na\u0161e iskustvo na va\u0161oj strani Usluge Potpuna podr\u0161kaod proizvodnje do organizacije Zahvaljuju\u0107i preko 40 godina rada, Frigomec je svjestan brojnih potreba velikih i malih tvrtki sa kojima sura\u0111uje. I zato je u mogu\u0107nosti zadovoljiti njihove svakodnevne potrebe nude\u0107i \u0161irok raspon pravovremenih usluga na najvi\u0161im razinama. Konkretno, na\u0161e brojno tehni\u010dko osoblje, veliki broj vozila i [&hellip;]<\/p>\n","protected":false},"author":1,"featured_media":78767,"parent":0,"menu_order":7,"comment_status":"closed","ping_status":"closed","template":"","meta":{"footnotes":""},"class_list":["post-78927","page","type-page","status-publish","has-post-thumbnail","hentry"],"yoast_head":"<!-- This site is optimized with the Yoast SEO plugin v27.4 - https:\/\/yoast.com\/product\/yoast-seo-wordpress\/ -->\n<title>Usluge \u2013 Savjetovanje, dizajn i tehni\u010dka podr\u0161ka<\/title>\n<meta name=\"description\" content=\"Od projektiranja do podr\u0161ke: kompletna usluga za ugostiteljski sektor\" \/>\n<meta name=\"robots\" content=\"index, follow, max-snippet:-1, max-image-preview:large, max-video-preview:-1\" \/>\n<link rel=\"canonical\" href=\"https:\/\/frigomec.it\/hr\/usluge\/\" \/>\n<meta property=\"og:locale\" content=\"hr_HR\" \/>\n<meta property=\"og:type\" content=\"article\" \/>\n<meta property=\"og:title\" content=\"Usluge \u2013 Savjetovanje, dizajn i tehni\u010dka podr\u0161ka\" \/>\n<meta property=\"og:description\" content=\"Od projektiranja do podr\u0161ke: kompletna usluga za ugostiteljski sektor\" \/>\n<meta property=\"og:url\" content=\"https:\/\/frigomec.it\/hr\/usluge\/\" \/>\n<meta property=\"og:site_name\" content=\"Frigomec \u2013 Profesionalna oprema za restorane, barove i slasti\u010darne\" \/>\n<meta property=\"article:publisher\" content=\"https:\/\/www.facebook.com\/Frigomec1?fref=ts\" \/>\n<meta property=\"article:modified_time\" content=\"2025-07-21T12:42:12+00:00\" \/>\n<meta property=\"og:image\" content=\"https:\/\/frigomec.it\/wp-content\/uploads\/2022\/11\/9-scaled.jpg\" \/>\n\t<meta property=\"og:image:width\" content=\"2560\" \/>\n\t<meta property=\"og:image:height\" content=\"1440\" \/>\n\t<meta property=\"og:image:type\" content=\"image\/jpeg\" \/>\n<meta name=\"twitter:card\" content=\"summary_large_image\" \/>\n<meta name=\"twitter:label1\" content=\"Procijenjeno vrijeme \u010ditanja\" \/>\n\t<meta name=\"twitter:data1\" content=\"2 minute\" \/>\n<script type=\"application\/ld+json\" class=\"yoast-schema-graph\">{\"@context\":\"https:\\\/\\\/schema.org\",\"@graph\":[{\"@type\":\"WebPage\",\"@id\":\"https:\\\/\\\/frigomec.it\\\/hr\\\/usluge\\\/\",\"url\":\"https:\\\/\\\/frigomec.it\\\/hr\\\/usluge\\\/\",\"name\":\"Usluge \u2013 Savjetovanje, dizajn i tehni\u010dka podr\u0161ka\",\"isPartOf\":{\"@id\":\"https:\\\/\\\/frigomec.it\\\/hr\\\/#website\"},\"primaryImageOfPage\":{\"@id\":\"https:\\\/\\\/frigomec.it\\\/hr\\\/usluge\\\/#primaryimage\"},\"image\":{\"@id\":\"https:\\\/\\\/frigomec.it\\\/hr\\\/usluge\\\/#primaryimage\"},\"thumbnailUrl\":\"https:\\\/\\\/frigomec.it\\\/wp-content\\\/uploads\\\/2022\\\/11\\\/9-scaled.jpg\",\"datePublished\":\"2022-04-15T12:40:52+00:00\",\"dateModified\":\"2025-07-21T12:42:12+00:00\",\"description\":\"Od projektiranja do podr\u0161ke: kompletna usluga za ugostiteljski sektor\",\"breadcrumb\":{\"@id\":\"https:\\\/\\\/frigomec.it\\\/hr\\\/usluge\\\/#breadcrumb\"},\"inLanguage\":\"hr\",\"potentialAction\":[{\"@type\":\"ReadAction\",\"target\":[\"https:\\\/\\\/frigomec.it\\\/hr\\\/usluge\\\/\"]}]},{\"@type\":\"ImageObject\",\"inLanguage\":\"hr\",\"@id\":\"https:\\\/\\\/frigomec.it\\\/hr\\\/usluge\\\/#primaryimage\",\"url\":\"https:\\\/\\\/frigomec.it\\\/wp-content\\\/uploads\\\/2022\\\/11\\\/9-scaled.jpg\",\"contentUrl\":\"https:\\\/\\\/frigomec.it\\\/wp-content\\\/uploads\\\/2022\\\/11\\\/9-scaled.jpg\",\"width\":2560,\"height\":1440,\"caption\":\"servizi per ristorazione e alberghi\"},{\"@type\":\"BreadcrumbList\",\"@id\":\"https:\\\/\\\/frigomec.it\\\/hr\\\/usluge\\\/#breadcrumb\",\"itemListElement\":[{\"@type\":\"ListItem\",\"position\":1,\"name\":\"Home\",\"item\":\"https:\\\/\\\/frigomec.it\\\/hr\\\/\"},{\"@type\":\"ListItem\",\"position\":2,\"name\":\"Usluge\"}]},{\"@type\":\"WebSite\",\"@id\":\"https:\\\/\\\/frigomec.it\\\/hr\\\/#website\",\"url\":\"https:\\\/\\\/frigomec.it\\\/hr\\\/\",\"name\":\"Frigomec - Fornitura e assistenza impianti alberghi e ristoranti\",\"description\":\"Pouzdana tehnologija za profesionalce u ugostiteljstvu\",\"publisher\":{\"@id\":\"https:\\\/\\\/frigomec.it\\\/hr\\\/#organization\"},\"potentialAction\":[{\"@type\":\"SearchAction\",\"target\":{\"@type\":\"EntryPoint\",\"urlTemplate\":\"https:\\\/\\\/frigomec.it\\\/hr\\\/?s={search_term_string}\"},\"query-input\":{\"@type\":\"PropertyValueSpecification\",\"valueRequired\":true,\"valueName\":\"search_term_string\"}}],\"inLanguage\":\"hr\"},{\"@type\":\"Organization\",\"@id\":\"https:\\\/\\\/frigomec.it\\\/hr\\\/#organization\",\"name\":\"Frigomec - Fornitura e assistenza impianti alberghi e ristoranti\",\"url\":\"https:\\\/\\\/frigomec.it\\\/hr\\\/\",\"logo\":{\"@type\":\"ImageObject\",\"inLanguage\":\"hr\",\"@id\":\"https:\\\/\\\/frigomec.it\\\/hr\\\/#\\\/schema\\\/logo\\\/image\\\/\",\"url\":\"https:\\\/\\\/frigomec.it\\\/wp-content\\\/uploads\\\/2024\\\/04\\\/logo-frigomec.png\",\"contentUrl\":\"https:\\\/\\\/frigomec.it\\\/wp-content\\\/uploads\\\/2024\\\/04\\\/logo-frigomec.png\",\"width\":516,\"height\":516,\"caption\":\"Frigomec - Fornitura e assistenza impianti alberghi e ristoranti\"},\"image\":{\"@id\":\"https:\\\/\\\/frigomec.it\\\/hr\\\/#\\\/schema\\\/logo\\\/image\\\/\"},\"sameAs\":[\"https:\\\/\\\/www.facebook.com\\\/Frigomec1?fref=ts\"]}]}<\/script>\n<!-- \/ Yoast SEO plugin. -->","yoast_head_json":{"title":"Usluge \u2013 Savjetovanje, dizajn i tehni\u010dka podr\u0161ka","description":"Od projektiranja do podr\u0161ke: kompletna usluga za ugostiteljski sektor","robots":{"index":"index","follow":"follow","max-snippet":"max-snippet:-1","max-image-preview":"max-image-preview:large","max-video-preview":"max-video-preview:-1"},"canonical":"https:\/\/frigomec.it\/hr\/usluge\/","og_locale":"hr_HR","og_type":"article","og_title":"Usluge \u2013 Savjetovanje, dizajn i tehni\u010dka podr\u0161ka","og_description":"Od projektiranja do podr\u0161ke: kompletna usluga za ugostiteljski sektor","og_url":"https:\/\/frigomec.it\/hr\/usluge\/","og_site_name":"Frigomec \u2013 Profesionalna oprema za restorane, barove i slasti\u010darne","article_publisher":"https:\/\/www.facebook.com\/Frigomec1?fref=ts","article_modified_time":"2025-07-21T12:42:12+00:00","og_image":[{"width":2560,"height":1440,"url":"https:\/\/frigomec.it\/wp-content\/uploads\/2022\/11\/9-scaled.jpg","type":"image\/jpeg"}],"twitter_card":"summary_large_image","twitter_misc":{"Procijenjeno vrijeme \u010ditanja":"2 minute"},"schema":{"@context":"https:\/\/schema.org","@graph":[{"@type":"WebPage","@id":"https:\/\/frigomec.it\/hr\/usluge\/","url":"https:\/\/frigomec.it\/hr\/usluge\/","name":"Usluge \u2013 Savjetovanje, dizajn i tehni\u010dka podr\u0161ka","isPartOf":{"@id":"https:\/\/frigomec.it\/hr\/#website"},"primaryImageOfPage":{"@id":"https:\/\/frigomec.it\/hr\/usluge\/#primaryimage"},"image":{"@id":"https:\/\/frigomec.it\/hr\/usluge\/#primaryimage"},"thumbnailUrl":"https:\/\/frigomec.it\/wp-content\/uploads\/2022\/11\/9-scaled.jpg","datePublished":"2022-04-15T12:40:52+00:00","dateModified":"2025-07-21T12:42:12+00:00","description":"Od projektiranja do podr\u0161ke: kompletna usluga za ugostiteljski sektor","breadcrumb":{"@id":"https:\/\/frigomec.it\/hr\/usluge\/#breadcrumb"},"inLanguage":"hr","potentialAction":[{"@type":"ReadAction","target":["https:\/\/frigomec.it\/hr\/usluge\/"]}]},{"@type":"ImageObject","inLanguage":"hr","@id":"https:\/\/frigomec.it\/hr\/usluge\/#primaryimage","url":"https:\/\/frigomec.it\/wp-content\/uploads\/2022\/11\/9-scaled.jpg","contentUrl":"https:\/\/frigomec.it\/wp-content\/uploads\/2022\/11\/9-scaled.jpg","width":2560,"height":1440,"caption":"servizi per ristorazione e alberghi"},{"@type":"BreadcrumbList","@id":"https:\/\/frigomec.it\/hr\/usluge\/#breadcrumb","itemListElement":[{"@type":"ListItem","position":1,"name":"Home","item":"https:\/\/frigomec.it\/hr\/"},{"@type":"ListItem","position":2,"name":"Usluge"}]},{"@type":"WebSite","@id":"https:\/\/frigomec.it\/hr\/#website","url":"https:\/\/frigomec.it\/hr\/","name":"Frigomec - Fornitura e assistenza impianti alberghi e ristoranti","description":"Pouzdana tehnologija za profesionalce u ugostiteljstvu","publisher":{"@id":"https:\/\/frigomec.it\/hr\/#organization"},"potentialAction":[{"@type":"SearchAction","target":{"@type":"EntryPoint","urlTemplate":"https:\/\/frigomec.it\/hr\/?s={search_term_string}"},"query-input":{"@type":"PropertyValueSpecification","valueRequired":true,"valueName":"search_term_string"}}],"inLanguage":"hr"},{"@type":"Organization","@id":"https:\/\/frigomec.it\/hr\/#organization","name":"Frigomec - Fornitura e assistenza impianti alberghi e ristoranti","url":"https:\/\/frigomec.it\/hr\/","logo":{"@type":"ImageObject","inLanguage":"hr","@id":"https:\/\/frigomec.it\/hr\/#\/schema\/logo\/image\/","url":"https:\/\/frigomec.it\/wp-content\/uploads\/2024\/04\/logo-frigomec.png","contentUrl":"https:\/\/frigomec.it\/wp-content\/uploads\/2024\/04\/logo-frigomec.png","width":516,"height":516,"caption":"Frigomec - Fornitura e assistenza impianti alberghi e ristoranti"},"image":{"@id":"https:\/\/frigomec.it\/hr\/#\/schema\/logo\/image\/"},"sameAs":["https:\/\/www.facebook.com\/Frigomec1?fref=ts"]}]}},"_links":{"self":[{"href":"https:\/\/frigomec.it\/hr\/wp-json\/wp\/v2\/pages\/78927","targetHints":{"allow":["GET"]}}],"collection":[{"href":"https:\/\/frigomec.it\/hr\/wp-json\/wp\/v2\/pages"}],"about":[{"href":"https:\/\/frigomec.it\/hr\/wp-json\/wp\/v2\/types\/page"}],"author":[{"embeddable":true,"href":"https:\/\/frigomec.it\/hr\/wp-json\/wp\/v2\/users\/1"}],"replies":[{"embeddable":true,"href":"https:\/\/frigomec.it\/hr\/wp-json\/wp\/v2\/comments?post=78927"}],"version-history":[{"count":0,"href":"https:\/\/frigomec.it\/hr\/wp-json\/wp\/v2\/pages\/78927\/revisions"}],"wp:featuredmedia":[{"embeddable":true,"href":"https:\/\/frigomec.it\/hr\/wp-json\/wp\/v2\/media\/78767"}],"wp:attachment":[{"href":"https:\/\/frigomec.it\/hr\/wp-json\/wp\/v2\/media?parent=78927"}],"curies":[{"name":"wp","href":"https:\/\/api.w.org\/{rel}","templated":true}]}}